{"id":6283,"date":"2023-10-05T10:10:36","date_gmt":"2023-10-05T10:10:36","guid":{"rendered":"https:\/\/orthodesign.ca\/impression-en-3d\/"},"modified":"2024-02-29T19:41:23","modified_gmt":"2024-02-29T19:41:23","slug":"impression-en-3d","status":"publish","type":"page","link":"https:\/\/orthodesign.ca\/fr\/impression-en-3d\/","title":{"rendered":"IMPRESSION EN 3D"},"content":{"rendered":"\t\t<div data-elementor-type=\"wp-page\" data-elementor-id=\"6283\" class=\"elementor elementor-6283 elementor-3334\" data-elementor-post-type=\"page\">\n\t\t\t\t\t\t<section class=\"elementor-section elementor-top-section elementor-element elementor-element-d4113a7 elementor-section-full_width elementor-section-height-min-height elementor-section-stretched elementor-section-height-default elementor-section-items-middle\" data-id=\"d4113a7\" data-element_type=\"section\" data-settings=\"{&quot;background_background&quot;:&quot;classic&quot;,&quot;stretch_section&quot;:&quot;section-stretched&quot;}\">\n\t\t\t\t\t\t\t<div class=\"elementor-background-overlay\"><\/div>\n\t\t\t\t\t\t\t<div class=\"elementor-container elementor-column-gap-default\">\n\t\t\t\t\t<div class=\"elementor-column elementor-col-100 elementor-top-column elementor-element elementor-element-55ceccda\" data-id=\"55ceccda\" data-element_type=\"column\">\n\t\t\t<div class=\"elementor-widget-wrap elementor-element-populated\">\n\t\t\t\t\t\t<div class=\"elementor-element elementor-element-61c9f918 text-center elementor-widget elementor-widget-tp-heading-title\" data-id=\"61c9f918\" data-element_type=\"widget\" data-widget_type=\"tp-heading-title.default\">\n\t\t\t\t<div class=\"elementor-widget-container\">\n\t\t\t\t\t<div class=\"heading heading_style heading_style69f233b54b689 style-2 \" ><div class=\"sub-style \"  ><div class=\"head-title \" > <h1  class=\"heading-title   \"   data-hover=\"IMPRESSION 3D\">IMPRESSION 3D<\/h1><\/div><\/div><\/div>\t\t\t\t<\/div>\n\t\t\t\t<\/div>\n\t\t\t\t\t<\/div>\n\t\t<\/div>\n\t\t\t\t\t<\/div>\n\t\t<\/section>\n\t\t\t\t<section class=\"elementor-section elementor-top-section elementor-element elementor-element-5353328 elementor-section-stretched elementor-section-boxed elementor-section-height-default elementor-section-height-default\" data-id=\"5353328\" data-element_type=\"section\" data-settings=\"{&quot;stretch_section&quot;:&quot;section-stretched&quot;}\">\n\t\t\t\t\t\t<div class=\"elementor-container elementor-column-gap-default\">\n\t\t\t\t\t<div class=\"elementor-column elementor-col-100 elementor-top-column elementor-element elementor-element-687ca6a8\" data-id=\"687ca6a8\" data-element_type=\"column\">\n\t\t\t<div class=\"elementor-widget-wrap elementor-element-populated\">\n\t\t\t\t\t\t<div class=\"elementor-element elementor-element-615ee38e elementor-widget elementor-widget-text-editor\" data-id=\"615ee38e\" data-element_type=\"widget\" data-widget_type=\"text-editor.default\">\n\t\t\t\t<div class=\"elementor-widget-container\">\n\t\t\t\t\t\t\t\t\tDepuis quelques ann\u00e9es, l\u2019impression 3D \u00e9galement appel\u00e9e fabrication additive vit un v\u00e9ritable essor dans le domaine m\u00e9dical. Cette technologie permet, entre autres, de concevoir et de fabriquer des orth\u00e8ses ou proth\u00e8ses avec une tr\u00e8s grande pr\u00e9cision.\n\t\t\t\t\t\t\t\t<\/div>\n\t\t\t\t<\/div>\n\t\t\t\t<div class=\"elementor-element elementor-element-158563d elementor-widget elementor-widget-text-editor\" data-id=\"158563d\" data-element_type=\"widget\" data-widget_type=\"text-editor.default\">\n\t\t\t\t<div class=\"elementor-widget-container\">\n\t\t\t\t\t\t\t\t\tLe processus comprend principalement trois \u00e9tapes. La premi\u00e8re consiste \u00e0 num\u00e9riser (scanner) la partie du corps de l&#8217;animal dont on d\u00e9sire appareiller. Cette \u00e9tape peut \u00eatre effectu\u00e9e simplement par la cam\u00e9ra d&#8217;un t\u00e9l\u00e9phone intelligent. Puis les images capt\u00e9es sont ensuite analys\u00e9es \u00e0 l&#8217;aide d&#8217;un logiciel. Finalement les donn\u00e9es trait\u00e9es sont transf\u00e9r\u00e9es \u00e0 une imprimante 3D qui fabriquera une orth\u00e8se ou une proth\u00e8se avec des mat\u00e9riaux choisis selon les besoins sp\u00e9cifiques. \n\t\t\t\t\t\t\t\t<\/div>\n\t\t\t\t<\/div>\n\t\t\t\t<div class=\"elementor-element elementor-element-6a3bd36 elementor-widget elementor-widget-text-editor\" data-id=\"6a3bd36\" data-element_type=\"widget\" data-widget_type=\"text-editor.default\">\n\t\t\t\t<div class=\"elementor-widget-container\">\n\t\t\t\t\t\t\t\t\tCette haute technologie est en d\u00e9veloppement chez ORTHO DESIGN et bient\u00f4t disponible.\t\t\t\t\t\t\t\t<\/div>\n\t\t\t\t<\/div>\n\t\t\t\t<div class=\"elementor-element elementor-element-c8a70ea elementor-widget elementor-widget-image\" data-id=\"c8a70ea\" data-element_type=\"widget\" data-widget_type=\"image.default\">\n\t\t\t\t<div class=\"elementor-widget-container\">\n\t\t\t\t\t\t\t\t\t\t\t\t\t\t\t<img fetchpriority=\"high\" decoding=\"async\" width=\"479\" height=\"479\" src=\"https:\/\/orthodesign.ca\/wp-content\/uploads\/2023\/10\/3d.jpg\" class=\"attachment-large size-large wp-image-3336\" alt=\"\" srcset=\"https:\/\/orthodesign.ca\/wp-content\/uploads\/2023\/10\/3d.jpg 479w, https:\/\/orthodesign.ca\/wp-content\/uploads\/2023\/10\/3d-300x300.jpg 300w, https:\/\/orthodesign.ca\/wp-content\/uploads\/2023\/10\/3d-150x150.jpg 150w\" sizes=\"(max-width: 479px) 100vw, 479px\" \/>\t\t\t\t\t\t\t\t\t\t\t\t\t\t\t<\/div>\n\t\t\t\t<\/div>\n\t\t\t\t\t<\/div>\n\t\t<\/div>\n\t\t\t\t\t<\/div>\n\t\t<\/section>\n\t\t\t\t<\/div>\n\t\t","protected":false},"excerpt":{"rendered":"<p>IMPRESSION 3D Depuis quelques ann\u00e9es, l\u2019impression 3D \u00e9galement appel\u00e9e fabrication additive vit un v\u00e9ritable essor dans le domaine m\u00e9dical. Cette technologie permet, entre autres, de concevoir et de fabriquer des orth\u00e8ses ou proth\u00e8ses avec une tr\u00e8s grande pr\u00e9cision. Le processus comprend principalement trois \u00e9tapes. La premi\u00e8re consiste \u00e0 num\u00e9riser (scanner) la partie du corps de [&hellip;]<\/p>\n","protected":false},"author":1,"featured_media":0,"parent":0,"menu_order":0,"comment_status":"closed","ping_status":"closed","template":"","meta":{"inline_featured_image":false,"site-sidebar-layout":"no-sidebar","site-content-layout":"","ast-site-content-layout":"full-width-container","site-content-style":"default","site-sidebar-style":"default","ast-global-header-display":"","ast-banner-title-visibility":"","ast-main-header-display":"","ast-hfb-above-header-display":"","ast-hfb-below-header-display":"","ast-hfb-mobile-header-display":"","site-post-title":"disabled","ast-breadcrumbs-content":"","ast-featured-img":"disabled","footer-sml-layout":"","theme-transparent-header-meta":"","adv-header-id-meta":"","stick-header-meta":"","header-above-stick-meta":"","header-main-stick-meta":"","header-below-stick-meta":"","astra-migrate-meta-layouts":"default","ast-page-background-enabled":"default","ast-page-background-meta":{"desktop":{"background-color":"var(--ast-global-color-4)","background-image":"","background-repeat":"repeat","background-position":"center center","background-size":"auto","background-attachment":"scroll","background-type":"","background-media":"","overlay-type":"","overlay-color":"","overlay-opacity":"","overlay-gradient":""},"tablet":{"background-color":"","background-image":"","background-repeat":"repeat","background-position":"center center","background-size":"auto","background-attachment":"scroll","background-type":"","background-media":"","overlay-type":"","overlay-color":"","overlay-opacity":"","overlay-gradient":""},"mobile":{"background-color":"","background-image":"","background-repeat":"repeat","background-position":"center center","background-size":"auto","background-attachment":"scroll","background-type":"","background-media":"","overlay-type":"","overlay-color":"","overlay-opacity":"","overlay-gradient":""}},"ast-content-background-meta":{"desktop":{"background-color":"var(--ast-global-color-5)","background-image":"","background-repeat":"repeat","background-position":"center center","background-size":"auto","background-attachment":"scroll","background-type":"","background-media":"","overlay-type":"","overlay-color":"","overlay-opacity":"","overlay-gradient":""},"tablet":{"background-color":"var(--ast-global-color-5)","background-image":"","background-repeat":"repeat","background-position":"center center","background-size":"auto","background-attachment":"scroll","background-type":"","background-media":"","overlay-type":"","overlay-color":"","overlay-opacity":"","overlay-gradient":""},"mobile":{"background-color":"var(--ast-global-color-5)","background-image":"","background-repeat":"repeat","background-position":"center center","background-size":"auto","background-attachment":"scroll","background-type":"","background-media":"","overlay-type":"","overlay-color":"","overlay-opacity":"","overlay-gradient":""}},"footnotes":""},"class_list":["post-6283","page","type-page","status-publish","hentry"],"yoast_head":"<!-- This site is optimized with the Yoast SEO plugin v24.2 - https:\/\/yoast.com\/wordpress\/plugins\/seo\/ -->\n<title>Impression en 3D | Ortho Design<\/title>\n<meta name=\"description\" content=\"Nos experts sont munis d\u2019une imprimante 3D permettant de cr\u00e9er des proth\u00e8ses et orth\u00e8ses sur mesure pour votre animal de compagnie.\" \/>\n<meta name=\"robots\" content=\"index, follow, max-snippet:-1, max-image-preview:large, max-video-preview:-1\" \/>\n<link rel=\"canonical\" href=\"https:\/\/orthodesign.ca\/fr\/impression-en-3d\/\" \/>\n<meta property=\"og:locale\" content=\"fr_FR\" \/>\n<meta property=\"og:type\" content=\"article\" \/>\n<meta property=\"og:title\" content=\"Impression en 3D | Ortho Design\" \/>\n<meta property=\"og:description\" content=\"Nos experts sont munis d\u2019une imprimante 3D permettant de cr\u00e9er des proth\u00e8ses et orth\u00e8ses sur mesure pour votre animal de compagnie.\" \/>\n<meta property=\"og:url\" content=\"https:\/\/orthodesign.ca\/fr\/impression-en-3d\/\" \/>\n<meta property=\"og:site_name\" content=\"Ortho Design\" \/>\n<meta property=\"article:publisher\" content=\"https:\/\/www.facebook.com\/orthoticprosthetic2\" \/>\n<meta property=\"article:modified_time\" content=\"2024-02-29T19:41:23+00:00\" \/>\n<meta property=\"og:image\" content=\"https:\/\/orthodesign.ca\/wp-content\/uploads\/2023\/10\/3d.jpg\" \/>\n<meta name=\"twitter:card\" content=\"summary_large_image\" \/>\n<meta name=\"twitter:label1\" content=\"Dur\u00e9e de lecture estim\u00e9e\" \/>\n\t<meta name=\"twitter:data1\" content=\"1 minute\" \/>\n<script type=\"application\/ld+json\" class=\"yoast-schema-graph\">{\"@context\":\"https:\/\/schema.org\",\"@graph\":[{\"@type\":\"WebPage\",\"@id\":\"https:\/\/orthodesign.ca\/fr\/impression-en-3d\/\",\"url\":\"https:\/\/orthodesign.ca\/fr\/impression-en-3d\/\",\"name\":\"Impression en 3D | Ortho Design\",\"isPartOf\":{\"@id\":\"https:\/\/orthodesign.ca\/fr\/#website\"},\"primaryImageOfPage\":{\"@id\":\"https:\/\/orthodesign.ca\/fr\/impression-en-3d\/#primaryimage\"},\"image\":{\"@id\":\"https:\/\/orthodesign.ca\/fr\/impression-en-3d\/#primaryimage\"},\"thumbnailUrl\":\"https:\/\/orthodesign.ca\/wp-content\/uploads\/2023\/10\/3d.jpg\",\"datePublished\":\"2023-10-05T10:10:36+00:00\",\"dateModified\":\"2024-02-29T19:41:23+00:00\",\"description\":\"Nos experts sont munis d\u2019une imprimante 3D permettant de cr\u00e9er des proth\u00e8ses et orth\u00e8ses sur mesure pour votre animal de compagnie.\",\"breadcrumb\":{\"@id\":\"https:\/\/orthodesign.ca\/fr\/impression-en-3d\/#breadcrumb\"},\"inLanguage\":\"fr-FR\",\"potentialAction\":[{\"@type\":\"ReadAction\",\"target\":[\"https:\/\/orthodesign.ca\/fr\/impression-en-3d\/\"]}]},{\"@type\":\"ImageObject\",\"inLanguage\":\"fr-FR\",\"@id\":\"https:\/\/orthodesign.ca\/fr\/impression-en-3d\/#primaryimage\",\"url\":\"https:\/\/orthodesign.ca\/wp-content\/uploads\/2023\/10\/3d.jpg\",\"contentUrl\":\"https:\/\/orthodesign.ca\/wp-content\/uploads\/2023\/10\/3d.jpg\"},{\"@type\":\"BreadcrumbList\",\"@id\":\"https:\/\/orthodesign.ca\/fr\/impression-en-3d\/#breadcrumb\",\"itemListElement\":[{\"@type\":\"ListItem\",\"position\":1,\"name\":\"Home\",\"item\":\"https:\/\/orthodesign.ca\/fr\/\"},{\"@type\":\"ListItem\",\"position\":2,\"name\":\"IMPRESSION EN 3D\"}]},{\"@type\":\"WebSite\",\"@id\":\"https:\/\/orthodesign.ca\/fr\/#website\",\"url\":\"https:\/\/orthodesign.ca\/fr\/\",\"name\":\"Ortho Design\",\"description\":\"\",\"publisher\":{\"@id\":\"https:\/\/orthodesign.ca\/fr\/#organization\"},\"potentialAction\":[{\"@type\":\"SearchAction\",\"target\":{\"@type\":\"EntryPoint\",\"urlTemplate\":\"https:\/\/orthodesign.ca\/fr\/?s={search_term_string}\"},\"query-input\":{\"@type\":\"PropertyValueSpecification\",\"valueRequired\":true,\"valueName\":\"search_term_string\"}}],\"inLanguage\":\"fr-FR\"},{\"@type\":\"Organization\",\"@id\":\"https:\/\/orthodesign.ca\/fr\/#organization\",\"name\":\"Ortho Design\",\"url\":\"https:\/\/orthodesign.ca\/fr\/\",\"logo\":{\"@type\":\"ImageObject\",\"inLanguage\":\"fr-FR\",\"@id\":\"https:\/\/orthodesign.ca\/fr\/#\/schema\/logo\/image\/\",\"url\":\"https:\/\/orthodesign.ca\/wp-content\/uploads\/2023\/12\/Ortho_logo-fr-final.png\",\"contentUrl\":\"https:\/\/orthodesign.ca\/wp-content\/uploads\/2023\/12\/Ortho_logo-fr-final.png\",\"width\":770,\"height\":344,\"caption\":\"Ortho Design\"},\"image\":{\"@id\":\"https:\/\/orthodesign.ca\/fr\/#\/schema\/logo\/image\/\"},\"sameAs\":[\"https:\/\/www.facebook.com\/orthoticprosthetic2\",\"https:\/\/www.instagram.com\/orthodesign.ca\/\"]}]}<\/script>\n<!-- \/ Yoast SEO plugin. -->","yoast_head_json":{"title":"Impression en 3D | Ortho Design","description":"Nos experts sont munis d\u2019une imprimante 3D permettant de cr\u00e9er des proth\u00e8ses et orth\u00e8ses sur mesure pour votre animal de compagnie.","robots":{"index":"index","follow":"follow","max-snippet":"max-snippet:-1","max-image-preview":"max-image-preview:large","max-video-preview":"max-video-preview:-1"},"canonical":"https:\/\/orthodesign.ca\/fr\/impression-en-3d\/","og_locale":"fr_FR","og_type":"article","og_title":"Impression en 3D | Ortho Design","og_description":"Nos experts sont munis d\u2019une imprimante 3D permettant de cr\u00e9er des proth\u00e8ses et orth\u00e8ses sur mesure pour votre animal de compagnie.","og_url":"https:\/\/orthodesign.ca\/fr\/impression-en-3d\/","og_site_name":"Ortho Design","article_publisher":"https:\/\/www.facebook.com\/orthoticprosthetic2","article_modified_time":"2024-02-29T19:41:23+00:00","og_image":[{"url":"https:\/\/orthodesign.ca\/wp-content\/uploads\/2023\/10\/3d.jpg","type":"","width":"","height":""}],"twitter_card":"summary_large_image","twitter_misc":{"Dur\u00e9e de lecture estim\u00e9e":"1 minute"},"schema":{"@context":"https:\/\/schema.org","@graph":[{"@type":"WebPage","@id":"https:\/\/orthodesign.ca\/fr\/impression-en-3d\/","url":"https:\/\/orthodesign.ca\/fr\/impression-en-3d\/","name":"Impression en 3D | Ortho Design","isPartOf":{"@id":"https:\/\/orthodesign.ca\/fr\/#website"},"primaryImageOfPage":{"@id":"https:\/\/orthodesign.ca\/fr\/impression-en-3d\/#primaryimage"},"image":{"@id":"https:\/\/orthodesign.ca\/fr\/impression-en-3d\/#primaryimage"},"thumbnailUrl":"https:\/\/orthodesign.ca\/wp-content\/uploads\/2023\/10\/3d.jpg","datePublished":"2023-10-05T10:10:36+00:00","dateModified":"2024-02-29T19:41:23+00:00","description":"Nos experts sont munis d\u2019une imprimante 3D permettant de cr\u00e9er des proth\u00e8ses et orth\u00e8ses sur mesure pour votre animal de compagnie.","breadcrumb":{"@id":"https:\/\/orthodesign.ca\/fr\/impression-en-3d\/#breadcrumb"},"inLanguage":"fr-FR","potentialAction":[{"@type":"ReadAction","target":["https:\/\/orthodesign.ca\/fr\/impression-en-3d\/"]}]},{"@type":"ImageObject","inLanguage":"fr-FR","@id":"https:\/\/orthodesign.ca\/fr\/impression-en-3d\/#primaryimage","url":"https:\/\/orthodesign.ca\/wp-content\/uploads\/2023\/10\/3d.jpg","contentUrl":"https:\/\/orthodesign.ca\/wp-content\/uploads\/2023\/10\/3d.jpg"},{"@type":"BreadcrumbList","@id":"https:\/\/orthodesign.ca\/fr\/impression-en-3d\/#breadcrumb","itemListElement":[{"@type":"ListItem","position":1,"name":"Home","item":"https:\/\/orthodesign.ca\/fr\/"},{"@type":"ListItem","position":2,"name":"IMPRESSION EN 3D"}]},{"@type":"WebSite","@id":"https:\/\/orthodesign.ca\/fr\/#website","url":"https:\/\/orthodesign.ca\/fr\/","name":"Ortho Design","description":"","publisher":{"@id":"https:\/\/orthodesign.ca\/fr\/#organization"},"potentialAction":[{"@type":"SearchAction","target":{"@type":"EntryPoint","urlTemplate":"https:\/\/orthodesign.ca\/fr\/?s={search_term_string}"},"query-input":{"@type":"PropertyValueSpecification","valueRequired":true,"valueName":"search_term_string"}}],"inLanguage":"fr-FR"},{"@type":"Organization","@id":"https:\/\/orthodesign.ca\/fr\/#organization","name":"Ortho Design","url":"https:\/\/orthodesign.ca\/fr\/","logo":{"@type":"ImageObject","inLanguage":"fr-FR","@id":"https:\/\/orthodesign.ca\/fr\/#\/schema\/logo\/image\/","url":"https:\/\/orthodesign.ca\/wp-content\/uploads\/2023\/12\/Ortho_logo-fr-final.png","contentUrl":"https:\/\/orthodesign.ca\/wp-content\/uploads\/2023\/12\/Ortho_logo-fr-final.png","width":770,"height":344,"caption":"Ortho Design"},"image":{"@id":"https:\/\/orthodesign.ca\/fr\/#\/schema\/logo\/image\/"},"sameAs":["https:\/\/www.facebook.com\/orthoticprosthetic2","https:\/\/www.instagram.com\/orthodesign.ca\/"]}]}},"_links":{"self":[{"href":"https:\/\/orthodesign.ca\/fr\/wp-json\/wp\/v2\/pages\/6283","targetHints":{"allow":["GET"]}}],"collection":[{"href":"https:\/\/orthodesign.ca\/fr\/wp-json\/wp\/v2\/pages"}],"about":[{"href":"https:\/\/orthodesign.ca\/fr\/wp-json\/wp\/v2\/types\/page"}],"author":[{"embeddable":true,"href":"https:\/\/orthodesign.ca\/fr\/wp-json\/wp\/v2\/users\/1"}],"replies":[{"embeddable":true,"href":"https:\/\/orthodesign.ca\/fr\/wp-json\/wp\/v2\/comments?post=6283"}],"version-history":[{"count":0,"href":"https:\/\/orthodesign.ca\/fr\/wp-json\/wp\/v2\/pages\/6283\/revisions"}],"wp:attachment":[{"href":"https:\/\/orthodesign.ca\/fr\/wp-json\/wp\/v2\/media?parent=6283"}],"curies":[{"name":"wp","href":"https:\/\/api.w.org\/{rel}","templated":true}]}}