{"id":6329,"date":"2023-10-04T06:04:57","date_gmt":"2023-10-04T06:04:57","guid":{"rendered":"https:\/\/orthodesign.ca\/oseointegration\/"},"modified":"2024-02-29T19:47:51","modified_gmt":"2024-02-29T19:47:51","slug":"oseointegration","status":"publish","type":"page","link":"https:\/\/orthodesign.ca\/fr\/oseointegration\/","title":{"rendered":"OS\u00c9OINT\u00c9GRATION"},"content":{"rendered":"\t\t<div data-elementor-type=\"wp-page\" data-elementor-id=\"6329\" class=\"elementor elementor-6329 elementor-2919\" data-elementor-post-type=\"page\">\n\t\t\t\t\t\t<section class=\"elementor-section elementor-top-section elementor-element elementor-element-66eb2bdc elementor-section-full_width elementor-section-height-min-height elementor-section-stretched elementor-section-height-default elementor-section-items-middle\" data-id=\"66eb2bdc\" data-element_type=\"section\" data-settings=\"{&quot;background_background&quot;:&quot;classic&quot;,&quot;stretch_section&quot;:&quot;section-stretched&quot;}\">\n\t\t\t\t\t\t\t<div class=\"elementor-background-overlay\"><\/div>\n\t\t\t\t\t\t\t<div class=\"elementor-container elementor-column-gap-default\">\n\t\t\t\t\t<div class=\"elementor-column elementor-col-100 elementor-top-column elementor-element elementor-element-424e2f01\" data-id=\"424e2f01\" data-element_type=\"column\">\n\t\t\t<div class=\"elementor-widget-wrap elementor-element-populated\">\n\t\t\t\t\t\t<div class=\"elementor-element elementor-element-427d0376 text-center elementor-widget elementor-widget-tp-heading-title\" data-id=\"427d0376\" data-element_type=\"widget\" data-widget_type=\"tp-heading-title.default\">\n\t\t\t\t<div class=\"elementor-widget-container\">\n\t\t\t\t\t<div class=\"heading heading_style heading_style69f2328aef200 style-2 \" ><div class=\"sub-style \"  ><div class=\"head-title \" > <h1  class=\"heading-title   \"   data-hover=\"OST\u00c9O-INT\u00c9GRATION\">OST\u00c9O-INT\u00c9GRATION<\/h1><\/div><\/div><\/div>\t\t\t\t<\/div>\n\t\t\t\t<\/div>\n\t\t\t\t\t<\/div>\n\t\t<\/div>\n\t\t\t\t\t<\/div>\n\t\t<\/section>\n\t\t\t\t<section class=\"elementor-section elementor-top-section elementor-element elementor-element-63dffb46 elementor-section-stretched elementor-section-boxed elementor-section-height-default elementor-section-height-default\" data-id=\"63dffb46\" data-element_type=\"section\" data-settings=\"{&quot;stretch_section&quot;:&quot;section-stretched&quot;}\">\n\t\t\t\t\t\t<div class=\"elementor-container elementor-column-gap-default\">\n\t\t\t\t\t<div class=\"elementor-column elementor-col-100 elementor-top-column elementor-element elementor-element-98d5812\" data-id=\"98d5812\" data-element_type=\"column\">\n\t\t\t<div class=\"elementor-widget-wrap elementor-element-populated\">\n\t\t\t\t\t\t<div class=\"elementor-element elementor-element-4460766 elementor-widget elementor-widget-text-editor\" data-id=\"4460766\" data-element_type=\"widget\" data-widget_type=\"text-editor.default\">\n\t\t\t\t<div class=\"elementor-widget-container\">\n\t\t\t\t\t\t\t\t\tL&#8217;<strong>ost\u00e9o-int\u00e9gration<\/strong> est la connexion structurelle et fonctionnelle directe entre l&#8217;os vivant et une composante proth\u00e9tique.\t\t\t\t\t\t\t\t<\/div>\n\t\t\t\t<\/div>\n\t\t\t\t\t<\/div>\n\t\t<\/div>\n\t\t\t\t\t<\/div>\n\t\t<\/section>\n\t\t\t\t<section class=\"elementor-section elementor-top-section elementor-element elementor-element-4a5067cc elementor-section-stretched elementor-section-boxed elementor-section-height-default elementor-section-height-default\" data-id=\"4a5067cc\" data-element_type=\"section\" data-settings=\"{&quot;background_background&quot;:&quot;classic&quot;,&quot;stretch_section&quot;:&quot;section-stretched&quot;}\">\n\t\t\t\t\t\t<div class=\"elementor-container elementor-column-gap-default\">\n\t\t\t\t\t<div class=\"elementor-column elementor-col-50 elementor-top-column elementor-element elementor-element-ec86a3f\" data-id=\"ec86a3f\" data-element_type=\"column\">\n\t\t\t<div class=\"elementor-widget-wrap elementor-element-populated\">\n\t\t\t\t\t\t<div class=\"elementor-element elementor-element-4184245 elementor-widget elementor-widget-image\" data-id=\"4184245\" data-element_type=\"widget\" data-widget_type=\"image.default\">\n\t\t\t\t<div class=\"elementor-widget-container\">\n\t\t\t\t\t\t\t\t\t\t\t\t\t\t\t<img fetchpriority=\"high\" decoding=\"async\" width=\"671\" height=\"363\" src=\"https:\/\/orthodesign.ca\/wp-content\/uploads\/2023\/10\/1-1-1.png\" class=\"attachment-large size-large wp-image-2925\" alt=\"\" srcset=\"https:\/\/orthodesign.ca\/wp-content\/uploads\/2023\/10\/1-1-1.png 671w, https:\/\/orthodesign.ca\/wp-content\/uploads\/2023\/10\/1-1-1-300x162.png 300w\" sizes=\"(max-width: 671px) 100vw, 671px\" \/>\t\t\t\t\t\t\t\t\t\t\t\t\t\t\t<\/div>\n\t\t\t\t<\/div>\n\t\t\t\t\t<\/div>\n\t\t<\/div>\n\t\t\t\t<div class=\"elementor-column elementor-col-50 elementor-top-column elementor-element elementor-element-259e1f5\" data-id=\"259e1f5\" data-element_type=\"column\">\n\t\t\t<div class=\"elementor-widget-wrap elementor-element-populated\">\n\t\t\t\t\t\t<div class=\"elementor-element elementor-element-21a55af elementor-widget elementor-widget-image\" data-id=\"21a55af\" data-element_type=\"widget\" data-widget_type=\"image.default\">\n\t\t\t\t<div class=\"elementor-widget-container\">\n\t\t\t\t\t\t\t\t\t\t\t\t\t\t\t<img decoding=\"async\" width=\"541\" height=\"461\" src=\"https:\/\/orthodesign.ca\/wp-content\/uploads\/2023\/10\/2-1.png\" class=\"attachment-large size-large wp-image-2926\" alt=\"\" srcset=\"https:\/\/orthodesign.ca\/wp-content\/uploads\/2023\/10\/2-1.png 541w, https:\/\/orthodesign.ca\/wp-content\/uploads\/2023\/10\/2-1-300x256.png 300w\" sizes=\"(max-width: 541px) 100vw, 541px\" \/>\t\t\t\t\t\t\t\t\t\t\t\t\t\t\t<\/div>\n\t\t\t\t<\/div>\n\t\t\t\t\t<\/div>\n\t\t<\/div>\n\t\t\t\t\t<\/div>\n\t\t<\/section>\n\t\t\t\t<\/div>\n\t\t","protected":false},"excerpt":{"rendered":"<p>OST\u00c9O-INT\u00c9GRATION L&#8217;ost\u00e9o-int\u00e9gration est la connexion structurelle et fonctionnelle directe entre l&#8217;os vivant et une composante proth\u00e9tique.<\/p>\n","protected":false},"author":1,"featured_media":0,"parent":0,"menu_order":0,"comment_status":"closed","ping_status":"closed","template":"","meta":{"inline_featured_image":false,"site-sidebar-layout":"no-sidebar","site-content-layout":"","ast-site-content-layout":"full-width-container","site-content-style":"default","site-sidebar-style":"default","ast-global-header-display":"","ast-banner-title-visibility":"","ast-main-header-display":"","ast-hfb-above-header-display":"","ast-hfb-below-header-display":"","ast-hfb-mobile-header-display":"","site-post-title":"disabled","ast-breadcrumbs-content":"","ast-featured-img":"disabled","footer-sml-layout":"","theme-transparent-header-meta":"","adv-header-id-meta":"","stick-header-meta":"","header-above-stick-meta":"","header-main-stick-meta":"","header-below-stick-meta":"","astra-migrate-meta-layouts":"default","ast-page-background-enabled":"default","ast-page-background-meta":{"desktop":{"background-color":"var(--ast-global-color-4)","background-image":"","background-repeat":"repeat","background-position":"center center","background-size":"auto","background-attachment":"scroll","background-type":"","background-media":"","overlay-type":"","overlay-color":"","overlay-opacity":"","overlay-gradient":""},"tablet":{"background-color":"","background-image":"","background-repeat":"repeat","background-position":"center center","background-size":"auto","background-attachment":"scroll","background-type":"","background-media":"","overlay-type":"","overlay-color":"","overlay-opacity":"","overlay-gradient":""},"mobile":{"background-color":"","background-image":"","background-repeat":"repeat","background-position":"center center","background-size":"auto","background-attachment":"scroll","background-type":"","background-media":"","overlay-type":"","overlay-color":"","overlay-opacity":"","overlay-gradient":""}},"ast-content-background-meta":{"desktop":{"background-color":"var(--ast-global-color-5)","background-image":"","background-repeat":"repeat","background-position":"center center","background-size":"auto","background-attachment":"scroll","background-type":"","background-media":"","overlay-type":"","overlay-color":"","overlay-opacity":"","overlay-gradient":""},"tablet":{"background-color":"var(--ast-global-color-5)","background-image":"","background-repeat":"repeat","background-position":"center center","background-size":"auto","background-attachment":"scroll","background-type":"","background-media":"","overlay-type":"","overlay-color":"","overlay-opacity":"","overlay-gradient":""},"mobile":{"background-color":"var(--ast-global-color-5)","background-image":"","background-repeat":"repeat","background-position":"center center","background-size":"auto","background-attachment":"scroll","background-type":"","background-media":"","overlay-type":"","overlay-color":"","overlay-opacity":"","overlay-gradient":""}},"footnotes":""},"class_list":["post-6329","page","type-page","status-publish","hentry"],"yoast_head":"<!-- This site is optimized with the Yoast SEO plugin v24.2 - https:\/\/yoast.com\/wordpress\/plugins\/seo\/ -->\n<title>Ost\u00e9o-int\u00e9gration | Ortho Design<\/title>\n<meta name=\"description\" content=\"L&#039;ost\u00e9o-int\u00e9gration offre une nouvelle \u00e8re de solutions proth\u00e9tiques, garantissant une meilleure qualit\u00e9 de vie pour les animaux de compagnies.\" \/>\n<meta name=\"robots\" content=\"index, follow, max-snippet:-1, max-image-preview:large, max-video-preview:-1\" \/>\n<link rel=\"canonical\" href=\"https:\/\/orthodesign.ca\/fr\/oseointegration\/\" \/>\n<meta property=\"og:locale\" content=\"fr_FR\" \/>\n<meta property=\"og:type\" content=\"article\" \/>\n<meta property=\"og:title\" content=\"Ost\u00e9o-int\u00e9gration | Ortho Design\" \/>\n<meta property=\"og:description\" content=\"L&#039;ost\u00e9o-int\u00e9gration offre une nouvelle \u00e8re de solutions proth\u00e9tiques, garantissant une meilleure qualit\u00e9 de vie pour les animaux de compagnies.\" \/>\n<meta property=\"og:url\" content=\"https:\/\/orthodesign.ca\/fr\/oseointegration\/\" \/>\n<meta property=\"og:site_name\" content=\"Ortho Design\" \/>\n<meta property=\"article:publisher\" content=\"https:\/\/www.facebook.com\/orthoticprosthetic2\" \/>\n<meta property=\"article:modified_time\" content=\"2024-02-29T19:47:51+00:00\" \/>\n<meta property=\"og:image\" content=\"https:\/\/orthodesign.ca\/wp-content\/uploads\/2023\/10\/1-1-1.png\" \/>\n<meta name=\"twitter:card\" content=\"summary_large_image\" \/>\n<meta name=\"twitter:label1\" content=\"Dur\u00e9e de lecture estim\u00e9e\" \/>\n\t<meta name=\"twitter:data1\" content=\"1 minute\" \/>\n<script type=\"application\/ld+json\" class=\"yoast-schema-graph\">{\"@context\":\"https:\/\/schema.org\",\"@graph\":[{\"@type\":\"WebPage\",\"@id\":\"https:\/\/orthodesign.ca\/fr\/oseointegration\/\",\"url\":\"https:\/\/orthodesign.ca\/fr\/oseointegration\/\",\"name\":\"Ost\u00e9o-int\u00e9gration | Ortho Design\",\"isPartOf\":{\"@id\":\"https:\/\/orthodesign.ca\/fr\/#website\"},\"primaryImageOfPage\":{\"@id\":\"https:\/\/orthodesign.ca\/fr\/oseointegration\/#primaryimage\"},\"image\":{\"@id\":\"https:\/\/orthodesign.ca\/fr\/oseointegration\/#primaryimage\"},\"thumbnailUrl\":\"https:\/\/orthodesign.ca\/wp-content\/uploads\/2023\/10\/1-1-1.png\",\"datePublished\":\"2023-10-04T06:04:57+00:00\",\"dateModified\":\"2024-02-29T19:47:51+00:00\",\"description\":\"L'ost\u00e9o-int\u00e9gration offre une nouvelle \u00e8re de solutions proth\u00e9tiques, garantissant une meilleure qualit\u00e9 de vie pour les animaux de compagnies.\",\"breadcrumb\":{\"@id\":\"https:\/\/orthodesign.ca\/fr\/oseointegration\/#breadcrumb\"},\"inLanguage\":\"fr-FR\",\"potentialAction\":[{\"@type\":\"ReadAction\",\"target\":[\"https:\/\/orthodesign.ca\/fr\/oseointegration\/\"]}]},{\"@type\":\"ImageObject\",\"inLanguage\":\"fr-FR\",\"@id\":\"https:\/\/orthodesign.ca\/fr\/oseointegration\/#primaryimage\",\"url\":\"https:\/\/orthodesign.ca\/wp-content\/uploads\/2023\/10\/1-1-1.png\",\"contentUrl\":\"https:\/\/orthodesign.ca\/wp-content\/uploads\/2023\/10\/1-1-1.png\"},{\"@type\":\"BreadcrumbList\",\"@id\":\"https:\/\/orthodesign.ca\/fr\/oseointegration\/#breadcrumb\",\"itemListElement\":[{\"@type\":\"ListItem\",\"position\":1,\"name\":\"Home\",\"item\":\"https:\/\/orthodesign.ca\/fr\/\"},{\"@type\":\"ListItem\",\"position\":2,\"name\":\"OS\u00c9OINT\u00c9GRATION\"}]},{\"@type\":\"WebSite\",\"@id\":\"https:\/\/orthodesign.ca\/fr\/#website\",\"url\":\"https:\/\/orthodesign.ca\/fr\/\",\"name\":\"Ortho Design\",\"description\":\"\",\"publisher\":{\"@id\":\"https:\/\/orthodesign.ca\/fr\/#organization\"},\"potentialAction\":[{\"@type\":\"SearchAction\",\"target\":{\"@type\":\"EntryPoint\",\"urlTemplate\":\"https:\/\/orthodesign.ca\/fr\/?s={search_term_string}\"},\"query-input\":{\"@type\":\"PropertyValueSpecification\",\"valueRequired\":true,\"valueName\":\"search_term_string\"}}],\"inLanguage\":\"fr-FR\"},{\"@type\":\"Organization\",\"@id\":\"https:\/\/orthodesign.ca\/fr\/#organization\",\"name\":\"Ortho Design\",\"url\":\"https:\/\/orthodesign.ca\/fr\/\",\"logo\":{\"@type\":\"ImageObject\",\"inLanguage\":\"fr-FR\",\"@id\":\"https:\/\/orthodesign.ca\/fr\/#\/schema\/logo\/image\/\",\"url\":\"https:\/\/orthodesign.ca\/wp-content\/uploads\/2023\/12\/Ortho_logo-fr-final.png\",\"contentUrl\":\"https:\/\/orthodesign.ca\/wp-content\/uploads\/2023\/12\/Ortho_logo-fr-final.png\",\"width\":770,\"height\":344,\"caption\":\"Ortho Design\"},\"image\":{\"@id\":\"https:\/\/orthodesign.ca\/fr\/#\/schema\/logo\/image\/\"},\"sameAs\":[\"https:\/\/www.facebook.com\/orthoticprosthetic2\",\"https:\/\/www.instagram.com\/orthodesign.ca\/\"]}]}<\/script>\n<!-- \/ Yoast SEO plugin. -->","yoast_head_json":{"title":"Ost\u00e9o-int\u00e9gration | Ortho Design","description":"L'ost\u00e9o-int\u00e9gration offre une nouvelle \u00e8re de solutions proth\u00e9tiques, garantissant une meilleure qualit\u00e9 de vie pour les animaux de compagnies.","robots":{"index":"index","follow":"follow","max-snippet":"max-snippet:-1","max-image-preview":"max-image-preview:large","max-video-preview":"max-video-preview:-1"},"canonical":"https:\/\/orthodesign.ca\/fr\/oseointegration\/","og_locale":"fr_FR","og_type":"article","og_title":"Ost\u00e9o-int\u00e9gration | Ortho Design","og_description":"L'ost\u00e9o-int\u00e9gration offre une nouvelle \u00e8re de solutions proth\u00e9tiques, garantissant une meilleure qualit\u00e9 de vie pour les animaux de compagnies.","og_url":"https:\/\/orthodesign.ca\/fr\/oseointegration\/","og_site_name":"Ortho Design","article_publisher":"https:\/\/www.facebook.com\/orthoticprosthetic2","article_modified_time":"2024-02-29T19:47:51+00:00","og_image":[{"url":"https:\/\/orthodesign.ca\/wp-content\/uploads\/2023\/10\/1-1-1.png","type":"","width":"","height":""}],"twitter_card":"summary_large_image","twitter_misc":{"Dur\u00e9e de lecture estim\u00e9e":"1 minute"},"schema":{"@context":"https:\/\/schema.org","@graph":[{"@type":"WebPage","@id":"https:\/\/orthodesign.ca\/fr\/oseointegration\/","url":"https:\/\/orthodesign.ca\/fr\/oseointegration\/","name":"Ost\u00e9o-int\u00e9gration | Ortho Design","isPartOf":{"@id":"https:\/\/orthodesign.ca\/fr\/#website"},"primaryImageOfPage":{"@id":"https:\/\/orthodesign.ca\/fr\/oseointegration\/#primaryimage"},"image":{"@id":"https:\/\/orthodesign.ca\/fr\/oseointegration\/#primaryimage"},"thumbnailUrl":"https:\/\/orthodesign.ca\/wp-content\/uploads\/2023\/10\/1-1-1.png","datePublished":"2023-10-04T06:04:57+00:00","dateModified":"2024-02-29T19:47:51+00:00","description":"L'ost\u00e9o-int\u00e9gration offre une nouvelle \u00e8re de solutions proth\u00e9tiques, garantissant une meilleure qualit\u00e9 de vie pour les animaux de compagnies.","breadcrumb":{"@id":"https:\/\/orthodesign.ca\/fr\/oseointegration\/#breadcrumb"},"inLanguage":"fr-FR","potentialAction":[{"@type":"ReadAction","target":["https:\/\/orthodesign.ca\/fr\/oseointegration\/"]}]},{"@type":"ImageObject","inLanguage":"fr-FR","@id":"https:\/\/orthodesign.ca\/fr\/oseointegration\/#primaryimage","url":"https:\/\/orthodesign.ca\/wp-content\/uploads\/2023\/10\/1-1-1.png","contentUrl":"https:\/\/orthodesign.ca\/wp-content\/uploads\/2023\/10\/1-1-1.png"},{"@type":"BreadcrumbList","@id":"https:\/\/orthodesign.ca\/fr\/oseointegration\/#breadcrumb","itemListElement":[{"@type":"ListItem","position":1,"name":"Home","item":"https:\/\/orthodesign.ca\/fr\/"},{"@type":"ListItem","position":2,"name":"OS\u00c9OINT\u00c9GRATION"}]},{"@type":"WebSite","@id":"https:\/\/orthodesign.ca\/fr\/#website","url":"https:\/\/orthodesign.ca\/fr\/","name":"Ortho Design","description":"","publisher":{"@id":"https:\/\/orthodesign.ca\/fr\/#organization"},"potentialAction":[{"@type":"SearchAction","target":{"@type":"EntryPoint","urlTemplate":"https:\/\/orthodesign.ca\/fr\/?s={search_term_string}"},"query-input":{"@type":"PropertyValueSpecification","valueRequired":true,"valueName":"search_term_string"}}],"inLanguage":"fr-FR"},{"@type":"Organization","@id":"https:\/\/orthodesign.ca\/fr\/#organization","name":"Ortho Design","url":"https:\/\/orthodesign.ca\/fr\/","logo":{"@type":"ImageObject","inLanguage":"fr-FR","@id":"https:\/\/orthodesign.ca\/fr\/#\/schema\/logo\/image\/","url":"https:\/\/orthodesign.ca\/wp-content\/uploads\/2023\/12\/Ortho_logo-fr-final.png","contentUrl":"https:\/\/orthodesign.ca\/wp-content\/uploads\/2023\/12\/Ortho_logo-fr-final.png","width":770,"height":344,"caption":"Ortho Design"},"image":{"@id":"https:\/\/orthodesign.ca\/fr\/#\/schema\/logo\/image\/"},"sameAs":["https:\/\/www.facebook.com\/orthoticprosthetic2","https:\/\/www.instagram.com\/orthodesign.ca\/"]}]}},"_links":{"self":[{"href":"https:\/\/orthodesign.ca\/fr\/wp-json\/wp\/v2\/pages\/6329","targetHints":{"allow":["GET"]}}],"collection":[{"href":"https:\/\/orthodesign.ca\/fr\/wp-json\/wp\/v2\/pages"}],"about":[{"href":"https:\/\/orthodesign.ca\/fr\/wp-json\/wp\/v2\/types\/page"}],"author":[{"embeddable":true,"href":"https:\/\/orthodesign.ca\/fr\/wp-json\/wp\/v2\/users\/1"}],"replies":[{"embeddable":true,"href":"https:\/\/orthodesign.ca\/fr\/wp-json\/wp\/v2\/comments?post=6329"}],"version-history":[{"count":0,"href":"https:\/\/orthodesign.ca\/fr\/wp-json\/wp\/v2\/pages\/6329\/revisions"}],"wp:attachment":[{"href":"https:\/\/orthodesign.ca\/fr\/wp-json\/wp\/v2\/media?parent=6329"}],"curies":[{"name":"wp","href":"https:\/\/api.w.org\/{rel}","templated":true}]}}