{"id":6337,"date":"2023-09-23T11:07:06","date_gmt":"2023-09-23T11:07:06","guid":{"rendered":"https:\/\/orthodesign.ca\/des-produits\/bottes-de-protection-medipaw\/"},"modified":"2024-02-29T19:40:19","modified_gmt":"2024-02-29T19:40:19","slug":"bottes-de-protection-medipaw","status":"publish","type":"page","link":"https:\/\/orthodesign.ca\/fr\/des-produits\/bottes-de-protection-medipaw\/","title":{"rendered":"BOTTES DE PROTECTION MEDIPAW"},"content":{"rendered":"\t\t<div data-elementor-type=\"wp-page\" data-elementor-id=\"6337\" class=\"elementor elementor-6337 elementor-1495\" data-elementor-post-type=\"page\">\n\t\t\t\t\t\t<section class=\"elementor-section elementor-top-section elementor-element elementor-element-275e4a16 elementor-section-full_width elementor-section-height-min-height elementor-section-stretched elementor-section-height-default elementor-section-items-middle\" data-id=\"275e4a16\" data-element_type=\"section\" data-settings=\"{&quot;background_background&quot;:&quot;classic&quot;,&quot;stretch_section&quot;:&quot;section-stretched&quot;}\">\n\t\t\t\t\t\t\t<div class=\"elementor-background-overlay\"><\/div>\n\t\t\t\t\t\t\t<div class=\"elementor-container elementor-column-gap-default\">\n\t\t\t\t\t<div class=\"elementor-column elementor-col-100 elementor-top-column elementor-element elementor-element-347244c9\" data-id=\"347244c9\" data-element_type=\"column\">\n\t\t\t<div class=\"elementor-widget-wrap elementor-element-populated\">\n\t\t\t\t\t\t<div class=\"elementor-element elementor-element-4c80e0f7 text-center elementor-widget elementor-widget-tp-heading-title\" data-id=\"4c80e0f7\" data-element_type=\"widget\" data-widget_type=\"tp-heading-title.default\">\n\t\t\t\t<div class=\"elementor-widget-container\">\n\t\t\t\t\t<div class=\"heading heading_style heading_style69f26e7b578c5 style-2 \" ><div class=\"sub-style \"  ><div class=\"head-title \" > <h1  class=\"heading-title   \"   data-hover=\"BOTTES DE PROTECTION MEDIPAW\">BOTTES DE PROTECTION MEDIPAW<\/h1><\/div><\/div><\/div>\t\t\t\t<\/div>\n\t\t\t\t<\/div>\n\t\t\t\t\t<\/div>\n\t\t<\/div>\n\t\t\t\t\t<\/div>\n\t\t<\/section>\n\t\t\t\t<section class=\"elementor-section elementor-top-section elementor-element elementor-element-caab57e elementor-section-stretched elementor-section-boxed elementor-section-height-default elementor-section-height-default\" data-id=\"caab57e\" data-element_type=\"section\" data-settings=\"{&quot;background_background&quot;:&quot;classic&quot;,&quot;stretch_section&quot;:&quot;section-stretched&quot;}\">\n\t\t\t\t\t\t\t<div class=\"elementor-background-overlay\"><\/div>\n\t\t\t\t\t\t\t<div class=\"elementor-container elementor-column-gap-default\">\n\t\t\t\t\t<div class=\"elementor-column elementor-col-100 elementor-top-column elementor-element elementor-element-9dccb09\" data-id=\"9dccb09\" data-element_type=\"column\">\n\t\t\t<div class=\"elementor-widget-wrap elementor-element-populated\">\n\t\t\t\t\t\t<div class=\"elementor-element elementor-element-d9264e8 elementor-widget elementor-widget-text-editor\" data-id=\"d9264e8\" data-element_type=\"widget\" data-widget_type=\"text-editor.default\">\n\t\t\t\t<div class=\"elementor-widget-container\">\n\t\t\t\t\t\t\t\t\tLes bottes ergonomiques <strong>MEDIPAW RUGGED X-BOOT<\/strong> \u00e0 semelle robuste sont con\u00e7ues pour prot\u00e9ger les pattes de votre chien contre les intemp\u00e9ries et \u00e9l\u00e9ments de la nature. Ces bottes en nylon imperm\u00e9able et respirant permettent \u00e9galement de prot\u00e9ger un bandage, une blessure ou une orth\u00e8se des \u00e9l\u00e9ments ext\u00e9rieurs.\t\t\t\t\t\t\t\t<\/div>\n\t\t\t\t<\/div>\n\t\t\t\t<div class=\"elementor-element elementor-element-2648bbf uael-ins-hover-normal uael-img-grid__column-2 uael-img-grid-tablet__column-3 uael-img-grid-mobile__column-2 uael-ins-normal elementor-widget elementor-widget-uael-image-gallery\" data-id=\"2648bbf\" data-element_type=\"widget\" data-settings=\"{&quot;gallery_columns&quot;:&quot;2&quot;,&quot;gallery_columns_tablet&quot;:&quot;3&quot;,&quot;gallery_columns_mobile&quot;:&quot;2&quot;,&quot;column_gap&quot;:{&quot;unit&quot;:&quot;px&quot;,&quot;size&quot;:20,&quot;sizes&quot;:[]},&quot;column_gap_tablet&quot;:{&quot;unit&quot;:&quot;px&quot;,&quot;size&quot;:&quot;&quot;,&quot;sizes&quot;:[]},&quot;column_gap_mobile&quot;:{&quot;unit&quot;:&quot;px&quot;,&quot;size&quot;:&quot;&quot;,&quot;sizes&quot;:[]},&quot;row_gap&quot;:{&quot;unit&quot;:&quot;px&quot;,&quot;size&quot;:20,&quot;sizes&quot;:[]},&quot;row_gap_tablet&quot;:{&quot;unit&quot;:&quot;px&quot;,&quot;size&quot;:&quot;&quot;,&quot;sizes&quot;:[]},&quot;row_gap_mobile&quot;:{&quot;unit&quot;:&quot;px&quot;,&quot;size&quot;:&quot;&quot;,&quot;sizes&quot;:[]},&quot;images_valign&quot;:&quot;flex-start&quot;}\" data-widget_type=\"uael-image-gallery.default\">\n\t\t\t\t<div class=\"elementor-widget-container\">\n\t\t\t\t\t<div class=\"uael-gallery-parent uael-caption- uael-gallery-unjustified\"><div class=\"uael-img-gallery-wrap uael-img-grid-wrap uael-img-grid-masonry-wrap uael-image-lightbox-wrap\" data-filter-default=\"Tout\" data-lightbox_actions=\"[&quot;close&quot;]\" data-lightbox-gallery-loop=\"\"><div class=\"uael-grid-item  uael-img-gallery-item-1\"><div class=\"uael-grid-item-content\"><a class=\"uael-grid-img uael-grid-gallery-img uael-ins-hover elementor-clickable\" data-fancybox=\"uael-gallery\" href=\"https:\/\/orthodesign.ca\/wp-content\/uploads\/2023\/09\/MEDIPAW1.jpg\" data-elementor-open-lightbox=\"no\"><div class=\"uael-grid-img-thumbnail uael-ins-target\"><img fetchpriority=\"high\" decoding=\"async\" width=\"1050\" height=\"700\" src=\"https:\/\/orthodesign.ca\/wp-content\/uploads\/2023\/09\/MEDIPAW1.jpg\" class=\"attachment-1536x1536 size-1536x1536 wp-image-1498\" alt=\"\" srcset=\"https:\/\/orthodesign.ca\/wp-content\/uploads\/2023\/09\/MEDIPAW1.jpg 1050w, https:\/\/orthodesign.ca\/wp-content\/uploads\/2023\/09\/MEDIPAW1-300x200.jpg 300w, https:\/\/orthodesign.ca\/wp-content\/uploads\/2023\/09\/MEDIPAW1-1024x683.jpg 1024w, https:\/\/orthodesign.ca\/wp-content\/uploads\/2023\/09\/MEDIPAW1-768x512.jpg 768w\" sizes=\"(max-width: 1050px) 100vw, 1050px\" \/><\/div><div class=\"uael-grid-img-overlay\"><\/div><\/a><\/div><\/div><div class=\"uael-grid-item  uael-img-gallery-item-2\"><div class=\"uael-grid-item-content\"><a class=\"uael-grid-img uael-grid-gallery-img uael-ins-hover elementor-clickable\" data-fancybox=\"uael-gallery\" href=\"https:\/\/orthodesign.ca\/wp-content\/uploads\/2023\/09\/MEDIPAW5.png\" data-elementor-open-lightbox=\"no\"><div class=\"uael-grid-img-thumbnail uael-ins-target\"><img decoding=\"async\" width=\"794\" height=\"601\" src=\"https:\/\/orthodesign.ca\/wp-content\/uploads\/2023\/09\/MEDIPAW5.png\" class=\"attachment-1536x1536 size-1536x1536 wp-image-1502\" alt=\"\" srcset=\"https:\/\/orthodesign.ca\/wp-content\/uploads\/2023\/09\/MEDIPAW5.png 794w, https:\/\/orthodesign.ca\/wp-content\/uploads\/2023\/09\/MEDIPAW5-300x227.png 300w, https:\/\/orthodesign.ca\/wp-content\/uploads\/2023\/09\/MEDIPAW5-768x581.png 768w\" sizes=\"(max-width: 794px) 100vw, 794px\" \/><\/div><div class=\"uael-grid-img-overlay\"><\/div><\/a><\/div><\/div><div class=\"uael-grid-item  uael-img-gallery-item-3\"><div class=\"uael-grid-item-content\"><a class=\"uael-grid-img uael-grid-gallery-img uael-ins-hover elementor-clickable\" data-fancybox=\"uael-gallery\" href=\"https:\/\/orthodesign.ca\/wp-content\/uploads\/2023\/09\/MEDIPAW4.jpg\" data-elementor-open-lightbox=\"no\"><div class=\"uael-grid-img-thumbnail uael-ins-target\"><img decoding=\"async\" width=\"673\" height=\"578\" src=\"https:\/\/orthodesign.ca\/wp-content\/uploads\/2023\/09\/MEDIPAW4.jpg\" class=\"attachment-1536x1536 size-1536x1536 wp-image-1501\" alt=\"\" srcset=\"https:\/\/orthodesign.ca\/wp-content\/uploads\/2023\/09\/MEDIPAW4.jpg 673w, https:\/\/orthodesign.ca\/wp-content\/uploads\/2023\/09\/MEDIPAW4-300x258.jpg 300w\" sizes=\"(max-width: 673px) 100vw, 673px\" \/><\/div><div class=\"uael-grid-img-overlay\"><\/div><\/a><\/div><\/div><div class=\"uael-grid-item  uael-img-gallery-item-4\"><div class=\"uael-grid-item-content\"><a class=\"uael-grid-img uael-grid-gallery-img uael-ins-hover elementor-clickable\" data-fancybox=\"uael-gallery\" href=\"https:\/\/orthodesign.ca\/wp-content\/uploads\/2023\/09\/MEDIPAW3.jpg\" data-elementor-open-lightbox=\"no\"><div class=\"uael-grid-img-thumbnail uael-ins-target\"><img loading=\"lazy\" decoding=\"async\" width=\"1500\" height=\"1000\" src=\"https:\/\/orthodesign.ca\/wp-content\/uploads\/2023\/09\/MEDIPAW3.jpg\" class=\"attachment-1536x1536 size-1536x1536 wp-image-1500\" alt=\"\" srcset=\"https:\/\/orthodesign.ca\/wp-content\/uploads\/2023\/09\/MEDIPAW3.jpg 1500w, https:\/\/orthodesign.ca\/wp-content\/uploads\/2023\/09\/MEDIPAW3-300x200.jpg 300w, https:\/\/orthodesign.ca\/wp-content\/uploads\/2023\/09\/MEDIPAW3-1024x683.jpg 1024w, https:\/\/orthodesign.ca\/wp-content\/uploads\/2023\/09\/MEDIPAW3-768x512.jpg 768w\" sizes=\"(max-width: 1500px) 100vw, 1500px\" \/><\/div><div class=\"uael-grid-img-overlay\"><\/div><\/a><\/div><\/div><div class=\"uael-grid-item  uael-img-gallery-item-5\"><div class=\"uael-grid-item-content\"><a class=\"uael-grid-img uael-grid-gallery-img uael-ins-hover elementor-clickable\" data-fancybox=\"uael-gallery\" href=\"https:\/\/orthodesign.ca\/wp-content\/uploads\/2023\/09\/MEDIPAW2.jpg\" data-elementor-open-lightbox=\"no\"><div class=\"uael-grid-img-thumbnail uael-ins-target\"><img loading=\"lazy\" decoding=\"async\" width=\"1050\" height=\"700\" src=\"https:\/\/orthodesign.ca\/wp-content\/uploads\/2023\/09\/MEDIPAW2.jpg\" class=\"attachment-1536x1536 size-1536x1536 wp-image-1499\" alt=\"\" srcset=\"https:\/\/orthodesign.ca\/wp-content\/uploads\/2023\/09\/MEDIPAW2.jpg 1050w, https:\/\/orthodesign.ca\/wp-content\/uploads\/2023\/09\/MEDIPAW2-300x200.jpg 300w, https:\/\/orthodesign.ca\/wp-content\/uploads\/2023\/09\/MEDIPAW2-1024x683.jpg 1024w, https:\/\/orthodesign.ca\/wp-content\/uploads\/2023\/09\/MEDIPAW2-768x512.jpg 768w\" sizes=\"(max-width: 1050px) 100vw, 1050px\" \/><\/div><div class=\"uael-grid-img-overlay\"><\/div><\/a><\/div><\/div><\/div><\/div>\t\t\t\t<\/div>\n\t\t\t\t<\/div>\n\t\t\t\t\t<\/div>\n\t\t<\/div>\n\t\t\t\t\t<\/div>\n\t\t<\/section>\n\t\t\t\t<\/div>\n\t\t","protected":false},"excerpt":{"rendered":"<p>BOTTES DE PROTECTION MEDIPAW Les bottes ergonomiques MEDIPAW RUGGED X-BOOT \u00e0 semelle robuste sont con\u00e7ues pour prot\u00e9ger les pattes de votre chien contre les intemp\u00e9ries et \u00e9l\u00e9ments de la nature. Ces bottes en nylon imperm\u00e9able et respirant permettent \u00e9galement de prot\u00e9ger un bandage, une blessure ou une orth\u00e8se des \u00e9l\u00e9ments ext\u00e9rieurs.<\/p>\n","protected":false},"author":1,"featured_media":0,"parent":6333,"menu_order":0,"comment_status":"closed","ping_status":"closed","template":"","meta":{"inline_featured_image":false,"site-sidebar-layout":"no-sidebar","site-content-layout":"","ast-site-content-layout":"full-width-container","site-content-style":"default","site-sidebar-style":"default","ast-global-header-display":"","ast-banner-title-visibility":"","ast-main-header-display":"","ast-hfb-above-header-display":"","ast-hfb-below-header-display":"","ast-hfb-mobile-header-display":"","site-post-title":"disabled","ast-breadcrumbs-content":"","ast-featured-img":"disabled","footer-sml-layout":"","theme-transparent-header-meta":"","adv-header-id-meta":"","stick-header-meta":"","header-above-stick-meta":"","header-main-stick-meta":"","header-below-stick-meta":"","astra-migrate-meta-layouts":"default","ast-page-background-enabled":"default","ast-page-background-meta":{"desktop":{"background-color":"var(--ast-global-color-4)","background-image":"","background-repeat":"repeat","background-position":"center center","background-size":"auto","background-attachment":"scroll","background-type":"","background-media":"","overlay-type":"","overlay-color":"","overlay-opacity":"","overlay-gradient":""},"tablet":{"background-color":"","background-image":"","background-repeat":"repeat","background-position":"center center","background-size":"auto","background-attachment":"scroll","background-type":"","background-media":"","overlay-type":"","overlay-color":"","overlay-opacity":"","overlay-gradient":""},"mobile":{"background-color":"","background-image":"","background-repeat":"repeat","background-position":"center center","background-size":"auto","background-attachment":"scroll","background-type":"","background-media":"","overlay-type":"","overlay-color":"","overlay-opacity":"","overlay-gradient":""}},"ast-content-background-meta":{"desktop":{"background-color":"var(--ast-global-color-5)","background-image":"","background-repeat":"repeat","background-position":"center center","background-size":"auto","background-attachment":"scroll","background-type":"","background-media":"","overlay-type":"","overlay-color":"","overlay-opacity":"","overlay-gradient":""},"tablet":{"background-color":"var(--ast-global-color-5)","background-image":"","background-repeat":"repeat","background-position":"center center","background-size":"auto","background-attachment":"scroll","background-type":"","background-media":"","overlay-type":"","overlay-color":"","overlay-opacity":"","overlay-gradient":""},"mobile":{"background-color":"var(--ast-global-color-5)","background-image":"","background-repeat":"repeat","background-position":"center center","background-size":"auto","background-attachment":"scroll","background-type":"","background-media":"","overlay-type":"","overlay-color":"","overlay-opacity":"","overlay-gradient":""}},"footnotes":""},"class_list":["post-6337","page","type-page","status-publish","hentry"],"yoast_head":"<!-- This site is optimized with the Yoast SEO plugin v24.2 - https:\/\/yoast.com\/wordpress\/plugins\/seo\/ -->\n<title>Bottes de protection MediPaw pour chien | Ortho Design<\/title>\n<meta name=\"description\" content=\"Acc\u00e9l\u00e9rez la gu\u00e9rison et pr\u00e9venez les blessures avec les bottes de protection Medipaw pour chiens. Une solution pour garder les pattes en s\u00e9curit\u00e9.\" \/>\n<meta name=\"robots\" content=\"index, follow, max-snippet:-1, max-image-preview:large, max-video-preview:-1\" \/>\n<link rel=\"canonical\" href=\"https:\/\/orthodesign.ca\/fr\/des-produits\/bottes-de-protection-medipaw\/\" \/>\n<meta property=\"og:locale\" content=\"fr_FR\" \/>\n<meta property=\"og:type\" content=\"article\" \/>\n<meta property=\"og:title\" content=\"Bottes de protection MediPaw pour chien | Ortho Design\" \/>\n<meta property=\"og:description\" content=\"Acc\u00e9l\u00e9rez la gu\u00e9rison et pr\u00e9venez les blessures avec les bottes de protection Medipaw pour chiens. Une solution pour garder les pattes en s\u00e9curit\u00e9.\" \/>\n<meta property=\"og:url\" content=\"https:\/\/orthodesign.ca\/fr\/des-produits\/bottes-de-protection-medipaw\/\" \/>\n<meta property=\"og:site_name\" content=\"Ortho Design\" \/>\n<meta property=\"article:publisher\" content=\"https:\/\/www.facebook.com\/orthoticprosthetic2\" \/>\n<meta property=\"article:modified_time\" content=\"2024-02-29T19:40:19+00:00\" \/>\n<meta property=\"og:image\" content=\"https:\/\/orthodesign.ca\/wp-content\/uploads\/2023\/09\/MEDIPAW1.jpg\" \/>\n<meta name=\"twitter:card\" content=\"summary_large_image\" \/>\n<meta name=\"twitter:label1\" content=\"Dur\u00e9e de lecture estim\u00e9e\" \/>\n\t<meta name=\"twitter:data1\" content=\"2 minutes\" \/>\n<script type=\"application\/ld+json\" class=\"yoast-schema-graph\">{\"@context\":\"https:\/\/schema.org\",\"@graph\":[{\"@type\":\"WebPage\",\"@id\":\"https:\/\/orthodesign.ca\/fr\/des-produits\/bottes-de-protection-medipaw\/\",\"url\":\"https:\/\/orthodesign.ca\/fr\/des-produits\/bottes-de-protection-medipaw\/\",\"name\":\"Bottes de protection MediPaw pour chien | Ortho Design\",\"isPartOf\":{\"@id\":\"https:\/\/orthodesign.ca\/fr\/#website\"},\"primaryImageOfPage\":{\"@id\":\"https:\/\/orthodesign.ca\/fr\/des-produits\/bottes-de-protection-medipaw\/#primaryimage\"},\"image\":{\"@id\":\"https:\/\/orthodesign.ca\/fr\/des-produits\/bottes-de-protection-medipaw\/#primaryimage\"},\"thumbnailUrl\":\"https:\/\/orthodesign.ca\/wp-content\/uploads\/2023\/09\/MEDIPAW1.jpg\",\"datePublished\":\"2023-09-23T11:07:06+00:00\",\"dateModified\":\"2024-02-29T19:40:19+00:00\",\"description\":\"Acc\u00e9l\u00e9rez la gu\u00e9rison et pr\u00e9venez les blessures avec les bottes de protection Medipaw pour chiens. Une solution pour garder les pattes en s\u00e9curit\u00e9.\",\"breadcrumb\":{\"@id\":\"https:\/\/orthodesign.ca\/fr\/des-produits\/bottes-de-protection-medipaw\/#breadcrumb\"},\"inLanguage\":\"fr-FR\",\"potentialAction\":[{\"@type\":\"ReadAction\",\"target\":[\"https:\/\/orthodesign.ca\/fr\/des-produits\/bottes-de-protection-medipaw\/\"]}]},{\"@type\":\"ImageObject\",\"inLanguage\":\"fr-FR\",\"@id\":\"https:\/\/orthodesign.ca\/fr\/des-produits\/bottes-de-protection-medipaw\/#primaryimage\",\"url\":\"https:\/\/orthodesign.ca\/wp-content\/uploads\/2023\/09\/MEDIPAW1.jpg\",\"contentUrl\":\"https:\/\/orthodesign.ca\/wp-content\/uploads\/2023\/09\/MEDIPAW1.jpg\"},{\"@type\":\"BreadcrumbList\",\"@id\":\"https:\/\/orthodesign.ca\/fr\/des-produits\/bottes-de-protection-medipaw\/#breadcrumb\",\"itemListElement\":[{\"@type\":\"ListItem\",\"position\":1,\"name\":\"Home\",\"item\":\"https:\/\/orthodesign.ca\/fr\/\"},{\"@type\":\"ListItem\",\"position\":2,\"name\":\"Des produits\",\"item\":\"https:\/\/orthodesign.ca\/fr\/des-produits\/\"},{\"@type\":\"ListItem\",\"position\":3,\"name\":\"BOTTES DE PROTECTION MEDIPAW\"}]},{\"@type\":\"WebSite\",\"@id\":\"https:\/\/orthodesign.ca\/fr\/#website\",\"url\":\"https:\/\/orthodesign.ca\/fr\/\",\"name\":\"Ortho Design\",\"description\":\"\",\"publisher\":{\"@id\":\"https:\/\/orthodesign.ca\/fr\/#organization\"},\"potentialAction\":[{\"@type\":\"SearchAction\",\"target\":{\"@type\":\"EntryPoint\",\"urlTemplate\":\"https:\/\/orthodesign.ca\/fr\/?s={search_term_string}\"},\"query-input\":{\"@type\":\"PropertyValueSpecification\",\"valueRequired\":true,\"valueName\":\"search_term_string\"}}],\"inLanguage\":\"fr-FR\"},{\"@type\":\"Organization\",\"@id\":\"https:\/\/orthodesign.ca\/fr\/#organization\",\"name\":\"Ortho Design\",\"url\":\"https:\/\/orthodesign.ca\/fr\/\",\"logo\":{\"@type\":\"ImageObject\",\"inLanguage\":\"fr-FR\",\"@id\":\"https:\/\/orthodesign.ca\/fr\/#\/schema\/logo\/image\/\",\"url\":\"https:\/\/orthodesign.ca\/wp-content\/uploads\/2023\/12\/Ortho_logo-fr-final.png\",\"contentUrl\":\"https:\/\/orthodesign.ca\/wp-content\/uploads\/2023\/12\/Ortho_logo-fr-final.png\",\"width\":770,\"height\":344,\"caption\":\"Ortho Design\"},\"image\":{\"@id\":\"https:\/\/orthodesign.ca\/fr\/#\/schema\/logo\/image\/\"},\"sameAs\":[\"https:\/\/www.facebook.com\/orthoticprosthetic2\",\"https:\/\/www.instagram.com\/orthodesign.ca\/\"]}]}<\/script>\n<!-- \/ Yoast SEO plugin. -->","yoast_head_json":{"title":"Bottes de protection MediPaw pour chien | Ortho Design","description":"Acc\u00e9l\u00e9rez la gu\u00e9rison et pr\u00e9venez les blessures avec les bottes de protection Medipaw pour chiens. Une solution pour garder les pattes en s\u00e9curit\u00e9.","robots":{"index":"index","follow":"follow","max-snippet":"max-snippet:-1","max-image-preview":"max-image-preview:large","max-video-preview":"max-video-preview:-1"},"canonical":"https:\/\/orthodesign.ca\/fr\/des-produits\/bottes-de-protection-medipaw\/","og_locale":"fr_FR","og_type":"article","og_title":"Bottes de protection MediPaw pour chien | Ortho Design","og_description":"Acc\u00e9l\u00e9rez la gu\u00e9rison et pr\u00e9venez les blessures avec les bottes de protection Medipaw pour chiens. Une solution pour garder les pattes en s\u00e9curit\u00e9.","og_url":"https:\/\/orthodesign.ca\/fr\/des-produits\/bottes-de-protection-medipaw\/","og_site_name":"Ortho Design","article_publisher":"https:\/\/www.facebook.com\/orthoticprosthetic2","article_modified_time":"2024-02-29T19:40:19+00:00","og_image":[{"url":"https:\/\/orthodesign.ca\/wp-content\/uploads\/2023\/09\/MEDIPAW1.jpg","type":"","width":"","height":""}],"twitter_card":"summary_large_image","twitter_misc":{"Dur\u00e9e de lecture estim\u00e9e":"2 minutes"},"schema":{"@context":"https:\/\/schema.org","@graph":[{"@type":"WebPage","@id":"https:\/\/orthodesign.ca\/fr\/des-produits\/bottes-de-protection-medipaw\/","url":"https:\/\/orthodesign.ca\/fr\/des-produits\/bottes-de-protection-medipaw\/","name":"Bottes de protection MediPaw pour chien | Ortho Design","isPartOf":{"@id":"https:\/\/orthodesign.ca\/fr\/#website"},"primaryImageOfPage":{"@id":"https:\/\/orthodesign.ca\/fr\/des-produits\/bottes-de-protection-medipaw\/#primaryimage"},"image":{"@id":"https:\/\/orthodesign.ca\/fr\/des-produits\/bottes-de-protection-medipaw\/#primaryimage"},"thumbnailUrl":"https:\/\/orthodesign.ca\/wp-content\/uploads\/2023\/09\/MEDIPAW1.jpg","datePublished":"2023-09-23T11:07:06+00:00","dateModified":"2024-02-29T19:40:19+00:00","description":"Acc\u00e9l\u00e9rez la gu\u00e9rison et pr\u00e9venez les blessures avec les bottes de protection Medipaw pour chiens. Une solution pour garder les pattes en s\u00e9curit\u00e9.","breadcrumb":{"@id":"https:\/\/orthodesign.ca\/fr\/des-produits\/bottes-de-protection-medipaw\/#breadcrumb"},"inLanguage":"fr-FR","potentialAction":[{"@type":"ReadAction","target":["https:\/\/orthodesign.ca\/fr\/des-produits\/bottes-de-protection-medipaw\/"]}]},{"@type":"ImageObject","inLanguage":"fr-FR","@id":"https:\/\/orthodesign.ca\/fr\/des-produits\/bottes-de-protection-medipaw\/#primaryimage","url":"https:\/\/orthodesign.ca\/wp-content\/uploads\/2023\/09\/MEDIPAW1.jpg","contentUrl":"https:\/\/orthodesign.ca\/wp-content\/uploads\/2023\/09\/MEDIPAW1.jpg"},{"@type":"BreadcrumbList","@id":"https:\/\/orthodesign.ca\/fr\/des-produits\/bottes-de-protection-medipaw\/#breadcrumb","itemListElement":[{"@type":"ListItem","position":1,"name":"Home","item":"https:\/\/orthodesign.ca\/fr\/"},{"@type":"ListItem","position":2,"name":"Des produits","item":"https:\/\/orthodesign.ca\/fr\/des-produits\/"},{"@type":"ListItem","position":3,"name":"BOTTES DE PROTECTION MEDIPAW"}]},{"@type":"WebSite","@id":"https:\/\/orthodesign.ca\/fr\/#website","url":"https:\/\/orthodesign.ca\/fr\/","name":"Ortho Design","description":"","publisher":{"@id":"https:\/\/orthodesign.ca\/fr\/#organization"},"potentialAction":[{"@type":"SearchAction","target":{"@type":"EntryPoint","urlTemplate":"https:\/\/orthodesign.ca\/fr\/?s={search_term_string}"},"query-input":{"@type":"PropertyValueSpecification","valueRequired":true,"valueName":"search_term_string"}}],"inLanguage":"fr-FR"},{"@type":"Organization","@id":"https:\/\/orthodesign.ca\/fr\/#organization","name":"Ortho Design","url":"https:\/\/orthodesign.ca\/fr\/","logo":{"@type":"ImageObject","inLanguage":"fr-FR","@id":"https:\/\/orthodesign.ca\/fr\/#\/schema\/logo\/image\/","url":"https:\/\/orthodesign.ca\/wp-content\/uploads\/2023\/12\/Ortho_logo-fr-final.png","contentUrl":"https:\/\/orthodesign.ca\/wp-content\/uploads\/2023\/12\/Ortho_logo-fr-final.png","width":770,"height":344,"caption":"Ortho Design"},"image":{"@id":"https:\/\/orthodesign.ca\/fr\/#\/schema\/logo\/image\/"},"sameAs":["https:\/\/www.facebook.com\/orthoticprosthetic2","https:\/\/www.instagram.com\/orthodesign.ca\/"]}]}},"_links":{"self":[{"href":"https:\/\/orthodesign.ca\/fr\/wp-json\/wp\/v2\/pages\/6337","targetHints":{"allow":["GET"]}}],"collection":[{"href":"https:\/\/orthodesign.ca\/fr\/wp-json\/wp\/v2\/pages"}],"about":[{"href":"https:\/\/orthodesign.ca\/fr\/wp-json\/wp\/v2\/types\/page"}],"author":[{"embeddable":true,"href":"https:\/\/orthodesign.ca\/fr\/wp-json\/wp\/v2\/users\/1"}],"replies":[{"embeddable":true,"href":"https:\/\/orthodesign.ca\/fr\/wp-json\/wp\/v2\/comments?post=6337"}],"version-history":[{"count":0,"href":"https:\/\/orthodesign.ca\/fr\/wp-json\/wp\/v2\/pages\/6337\/revisions"}],"up":[{"embeddable":true,"href":"https:\/\/orthodesign.ca\/fr\/wp-json\/wp\/v2\/pages\/6333"}],"wp:attachment":[{"href":"https:\/\/orthodesign.ca\/fr\/wp-json\/wp\/v2\/media?parent=6337"}],"curies":[{"name":"wp","href":"https:\/\/api.w.org\/{rel}","templated":true}]}}